{"id":22,"date":"2023-03-13T11:32:17","date_gmt":"2023-03-13T10:32:17","guid":{"rendered":"https:\/\/pilfood.es\/?page_id=22"},"modified":"2025-06-23T12:10:31","modified_gmt":"2025-06-23T10:10:31","slug":"eficacia-demostrada","status":"publish","type":"page","link":"https:\/\/pilfood.es\/es\/eficacia-demostrada\/","title":{"rendered":"Eficacia demostrada"},"content":{"rendered":"\n<div class=\"wp-block-karopharma-free-text pt-large pb-large bg-center bg-cover bg-no-repeat\" style=\"background-image:url(https:\/\/pilfood.es\/cdn-cgi\/image\/format=auto\/app\/uploads\/2023\/03\/eficacia-demostrada.jpeg)\"><div class=\"free-text-wrapper container max-w-medium text-center\">\n<div style=\"height:100px\" aria-hidden=\"true\" class=\"wp-block-spacer is-style-responsive-small\"><\/div>\n\n\n\n<h1 class=\"wp-block-heading is-style-heading-huge has-white-color has-text-color\">Eficacia demostrada<\/h1>\n\n\n\n<p class=\"is-style-paragraph-preamble has-white-color has-text-color\">Pilfood<sup>\u00ae<\/sup> demuestra sus resultados de eficacia mediante estudios cl\u00ednicos<\/p>\n\n\n\n<div style=\"height:100px\" aria-hidden=\"true\" class=\"wp-block-spacer is-style-responsive-small\"><\/div>\n<\/div><\/div>\n\n\n\n<div class=\"wp-block-karopharma-free-text pt-large pb-large bg-center bg-cover bg-no-repeat\" style=\"background-image:url()\"><div class=\"free-text-wrapper container max-w-medium text-left\">\n<h2 class=\"wp-block-heading is-style-heading-h2\">Eficacia de los tratamientos t\u00f3picos de Pilfood<sup>\u00ae<\/sup> Direct Ampollas con Pro-Anagex<sup>\u00ae<\/sup><\/h2>\n\n\n\n<h3 class=\"wp-block-heading is-style-heading-h4\">Caracter\u00edsticas del Estudio<\/h3>\n\n\n\n<p><strong>Objetivo:<\/strong> Evaluar la eficacia antica\u00edda de Pilfood\u00ae Direct Tratamiento Capilar Antica\u00edda (Ampollas)<br><strong>Tipo de estudio: <\/strong>Evaluaci\u00f3n sobre voluntarios humanos (n=20)<br>A<strong>plicaci\u00f3n: <\/strong>1 al d\u00eda (por la ma\u00f1ana o por la noche) con cabello seco o h\u00famedo masajeando el cuero cabelludo<\/p>\n\n\n\n<p><em>* Test de uso bajo control dermatol\u00f3gico sobre 20 personas: % de satisfacci\u00f3n despu\u00e9s de 6 semanas.<\/em><\/p>\n<\/div><\/div>\n\n\n\n<div class=\"wp-block-karopharma-several-images-with-text several-images-with-text\"><div class=\"container large col-1 content-align-none\" test-data=\"inner-content\">\n<section class=\"wp-block-karopharma-image-with-text image-with-text image-with-text__full-width\"><div class=\"image-with-text-container \"><div class=\"image-with-text-container-image-container\"><img decoding=\"async\" loading=\"lazy\" src=\"https:\/\/pilfood.es\/cdn-cgi\/image\/format=auto\/app\/uploads\/2023\/03\/eficacia1.png\" alt=\"Aceleraci\u00f3n de crecimiento de nuevo cabello\"\/><\/div><div class=\"image-with-text-container-content\" style=\"text-align:left\" data-test=\"content\"><div class=\"content\">\n<div class=\"wp-block-buttons is-layout-flex wp-block-buttons-is-layout-flex\"><\/div>\n<\/div><\/div><\/div><\/section>\n\n\n\n<section class=\"wp-block-karopharma-image-with-text image-with-text image-with-text__full-width\"><div class=\"image-with-text-container \"><div class=\"image-with-text-container-image-container\"><img decoding=\"async\" loading=\"lazy\" src=\"https:\/\/pilfood.es\/cdn-cgi\/image\/format=auto\/app\/uploads\/2023\/03\/eficacia2.png\" alt=\"Frena la ca\u00edda del cabello\"\/><\/div><div class=\"image-with-text-container-content\" style=\"text-align:left\" data-test=\"content\"><div class=\"content\">\n<div class=\"wp-block-buttons is-layout-flex wp-block-buttons-is-layout-flex\"><\/div>\n<\/div><\/div><\/div><\/section>\n\n\n\n<section class=\"wp-block-karopharma-image-with-text image-with-text image-with-text__full-width\"><div class=\"image-with-text-container \"><div class=\"image-with-text-container-image-container\"><img decoding=\"async\" loading=\"lazy\" src=\"https:\/\/pilfood.es\/cdn-cgi\/image\/format=auto\/app\/uploads\/2023\/03\/eficacia3.png\" alt=\"Aumento de cabellos\"\/><\/div><div class=\"image-with-text-container-content\" style=\"text-align:left\" data-test=\"content\"><div class=\"content\">\n<div class=\"wp-block-buttons is-layout-flex wp-block-buttons-is-layout-flex\"><\/div>\n<\/div><\/div><\/div><\/section>\n\n\n\n<section class=\"wp-block-karopharma-image-with-text image-with-text image-with-text__full-width\"><div class=\"image-with-text-container \"><div class=\"image-with-text-container-image-container\"><img decoding=\"async\" loading=\"lazy\" src=\"https:\/\/pilfood.es\/cdn-cgi\/image\/format=auto\/app\/uploads\/2023\/03\/eficacia4.png\" alt=\"cabellos nuevos en hombres y mujeres\"\/><\/div><div class=\"image-with-text-container-content\" style=\"text-align:left\" data-test=\"content\"><div class=\"content\">\n<div class=\"wp-block-buttons is-layout-flex wp-block-buttons-is-layout-flex\"><\/div>\n<\/div><\/div><\/div><\/section>\n<\/div><\/div>\n\n\n\n<div class=\"wp-block-karopharma-free-text pt-large pb-large bg-center bg-cover bg-no-repeat\" style=\"background-image:url()\"><div class=\"free-text-wrapper container max-w-medium text-left\">\n<h2 class=\"wp-block-heading is-style-heading-h2\">Eficacia de los tratamientos orales de Pilfood\u00ae Complex<\/h2>\n\n\n\n<h3 class=\"wp-block-heading is-style-heading-h4\">Caracter\u00edsticas del Estudio<\/h3>\n\n\n\n<p><strong>Objetivo: <\/strong>Evaluar el incremento de cabello con Pilfood\u00ae Complex<br><strong>Tipo de estudio:<\/strong> Evaluaci\u00f3n sobre voluntarios humanos (n=27 hombres; n=26 mujeres)<br><strong>Dosis:<\/strong> 2 comprimidos al d\u00eda o 3 c\u00e1psulas al d\u00eda durante las comidas<\/p>\n\n\n\n<p>Resultados a los 6 meses<\/p>\n<\/div><\/div>\n","protected":false},"excerpt":{"rendered":"","protected":false},"author":2,"featured_media":0,"parent":0,"menu_order":0,"comment_status":"closed","ping_status":"closed","template":"","meta":{"_acf_changed":false,"footnotes":""},"from-article-database":[],"class_list":["post-22","page","type-page","status-publish","hentry"],"acf":[],"yoast_head":"<!-- This site is optimized with the Yoast SEO plugin v26.6 - https:\/\/yoast.com\/wordpress\/plugins\/seo\/ -->\n<title>Eficacia demostrada - Pilfood<\/title>\n<meta name=\"description\" content=\"Eficacia de los tratamientos t\u00f3picos de Pilfood\u00ae Direct Ampollas con Pro-Anagex\u00ae\" \/>\n<meta name=\"robots\" content=\"index, follow, max-snippet:-1, max-image-preview:large, max-video-preview:-1\" \/>\n<link rel=\"canonical\" href=\"https:\/\/pilfood.es\/es\/eficacia-demostrada\/\" \/>\n<meta property=\"og:locale\" content=\"es_ES\" \/>\n<meta property=\"og:type\" content=\"article\" \/>\n<meta property=\"og:title\" content=\"Eficacia demostrada - Pilfood\" \/>\n<meta property=\"og:description\" content=\"Eficacia de los tratamientos t\u00f3picos de Pilfood\u00ae Direct Ampollas con Pro-Anagex\u00ae\" \/>\n<meta property=\"og:url\" content=\"https:\/\/pilfood.es\/es\/eficacia-demostrada\/\" \/>\n<meta property=\"og:site_name\" content=\"Pilfood\" \/>\n<meta property=\"article:modified_time\" content=\"2025-06-23T10:10:31+00:00\" \/>\n<meta property=\"og:image\" content=\"https:\/\/pilfood.es\/cdn-cgi\/image\/format=auto\/app\/uploads\/2023\/03\/eficacia1.png\" \/>\n<meta name=\"twitter:card\" content=\"summary_large_image\" \/>\n<meta name=\"twitter:label1\" content=\"Tiempo de lectura\" \/>\n\t<meta name=\"twitter:data1\" content=\"2 minutos\" \/>\n<script type=\"application\/ld+json\" class=\"yoast-schema-graph\">{\"@context\":\"https:\/\/schema.org\",\"@graph\":[{\"@type\":\"WebPage\",\"@id\":\"https:\/\/pilfood.es\/es\/eficacia-demostrada\/\",\"url\":\"https:\/\/pilfood.es\/es\/eficacia-demostrada\/\",\"name\":\"Eficacia demostrada - Pilfood\",\"isPartOf\":{\"@id\":\"https:\/\/pilfood.es\/es\/#website\"},\"primaryImageOfPage\":{\"@id\":\"https:\/\/pilfood.es\/es\/eficacia-demostrada\/#primaryimage\"},\"image\":{\"@id\":\"https:\/\/pilfood.es\/es\/eficacia-demostrada\/#primaryimage\"},\"thumbnailUrl\":\"https:\/\/pilfood.es\/cdn-cgi\/image\/format=auto\/app\/uploads\/2023\/03\/eficacia1.png\",\"datePublished\":\"2023-03-13T10:32:17+00:00\",\"dateModified\":\"2025-06-23T10:10:31+00:00\",\"description\":\"Eficacia de los tratamientos t\u00f3picos de Pilfood\u00ae Direct Ampollas con Pro-Anagex\u00ae\",\"breadcrumb\":{\"@id\":\"https:\/\/pilfood.es\/es\/eficacia-demostrada\/#breadcrumb\"},\"inLanguage\":\"es\",\"potentialAction\":[{\"@type\":\"ReadAction\",\"target\":[\"https:\/\/pilfood.es\/es\/eficacia-demostrada\/\"]}]},{\"@type\":\"ImageObject\",\"inLanguage\":\"es\",\"@id\":\"https:\/\/pilfood.es\/es\/eficacia-demostrada\/#primaryimage\",\"url\":\"https:\/\/pilfood.es\/cdn-cgi\/image\/format=auto\/app\/uploads\/2023\/03\/eficacia1.png\",\"contentUrl\":\"https:\/\/pilfood.es\/cdn-cgi\/image\/format=auto\/app\/uploads\/2023\/03\/eficacia1.png\"},{\"@type\":\"BreadcrumbList\",\"@id\":\"https:\/\/pilfood.es\/es\/eficacia-demostrada\/#breadcrumb\",\"itemListElement\":[{\"@type\":\"ListItem\",\"position\":1,\"name\":\"Home\",\"item\":\"https:\/\/pilfood.es\/es\/\"},{\"@type\":\"ListItem\",\"position\":2,\"name\":\"Eficacia demostrada\"}]},{\"@type\":\"WebSite\",\"@id\":\"https:\/\/pilfood.es\/es\/#website\",\"url\":\"https:\/\/pilfood.es\/es\/\",\"name\":\"Pilfood\",\"description\":\"\",\"publisher\":{\"@id\":\"https:\/\/pilfood.es\/es\/#organization\"},\"potentialAction\":[{\"@type\":\"SearchAction\",\"target\":{\"@type\":\"EntryPoint\",\"urlTemplate\":\"https:\/\/pilfood.es\/es\/?s={search_term_string}\"},\"query-input\":{\"@type\":\"PropertyValueSpecification\",\"valueRequired\":true,\"valueName\":\"search_term_string\"}}],\"inLanguage\":\"es\"},{\"@type\":\"Organization\",\"@id\":\"https:\/\/pilfood.es\/es\/#organization\",\"name\":\"Pilfood\",\"url\":\"https:\/\/pilfood.es\/es\/\",\"logo\":{\"@type\":\"ImageObject\",\"inLanguage\":\"es\",\"@id\":\"https:\/\/pilfood.es\/es\/#\/schema\/logo\/image\/\",\"url\":\"https:\/\/pilfood.es\/app\/uploads\/2023\/03\/Pilfood.png\",\"contentUrl\":\"https:\/\/pilfood.es\/app\/uploads\/2023\/03\/Pilfood.png\",\"width\":164,\"height\":79,\"caption\":\"Pilfood\"},\"image\":{\"@id\":\"https:\/\/pilfood.es\/es\/#\/schema\/logo\/image\/\"}}]}<\/script>\n<!-- \/ Yoast SEO plugin. -->","yoast_head_json":{"title":"Eficacia demostrada - Pilfood","description":"Eficacia de los tratamientos t\u00f3picos de Pilfood\u00ae Direct Ampollas con Pro-Anagex\u00ae","robots":{"index":"index","follow":"follow","max-snippet":"max-snippet:-1","max-image-preview":"max-image-preview:large","max-video-preview":"max-video-preview:-1"},"canonical":"https:\/\/pilfood.es\/es\/eficacia-demostrada\/","og_locale":"es_ES","og_type":"article","og_title":"Eficacia demostrada - Pilfood","og_description":"Eficacia de los tratamientos t\u00f3picos de Pilfood\u00ae Direct Ampollas con Pro-Anagex\u00ae","og_url":"https:\/\/pilfood.es\/es\/eficacia-demostrada\/","og_site_name":"Pilfood","article_modified_time":"2025-06-23T10:10:31+00:00","og_image":[{"url":"https:\/\/pilfood.es\/cdn-cgi\/image\/format=auto\/app\/uploads\/2023\/03\/eficacia1.png","type":"","width":"","height":""}],"twitter_card":"summary_large_image","twitter_misc":{"Tiempo de lectura":"2 minutos"},"schema":{"@context":"https:\/\/schema.org","@graph":[{"@type":"WebPage","@id":"https:\/\/pilfood.es\/es\/eficacia-demostrada\/","url":"https:\/\/pilfood.es\/es\/eficacia-demostrada\/","name":"Eficacia demostrada - Pilfood","isPartOf":{"@id":"https:\/\/pilfood.es\/es\/#website"},"primaryImageOfPage":{"@id":"https:\/\/pilfood.es\/es\/eficacia-demostrada\/#primaryimage"},"image":{"@id":"https:\/\/pilfood.es\/es\/eficacia-demostrada\/#primaryimage"},"thumbnailUrl":"https:\/\/pilfood.es\/cdn-cgi\/image\/format=auto\/app\/uploads\/2023\/03\/eficacia1.png","datePublished":"2023-03-13T10:32:17+00:00","dateModified":"2025-06-23T10:10:31+00:00","description":"Eficacia de los tratamientos t\u00f3picos de Pilfood\u00ae Direct Ampollas con Pro-Anagex\u00ae","breadcrumb":{"@id":"https:\/\/pilfood.es\/es\/eficacia-demostrada\/#breadcrumb"},"inLanguage":"es","potentialAction":[{"@type":"ReadAction","target":["https:\/\/pilfood.es\/es\/eficacia-demostrada\/"]}]},{"@type":"ImageObject","inLanguage":"es","@id":"https:\/\/pilfood.es\/es\/eficacia-demostrada\/#primaryimage","url":"https:\/\/pilfood.es\/cdn-cgi\/image\/format=auto\/app\/uploads\/2023\/03\/eficacia1.png","contentUrl":"https:\/\/pilfood.es\/cdn-cgi\/image\/format=auto\/app\/uploads\/2023\/03\/eficacia1.png"},{"@type":"BreadcrumbList","@id":"https:\/\/pilfood.es\/es\/eficacia-demostrada\/#breadcrumb","itemListElement":[{"@type":"ListItem","position":1,"name":"Home","item":"https:\/\/pilfood.es\/es\/"},{"@type":"ListItem","position":2,"name":"Eficacia demostrada"}]},{"@type":"WebSite","@id":"https:\/\/pilfood.es\/es\/#website","url":"https:\/\/pilfood.es\/es\/","name":"Pilfood","description":"","publisher":{"@id":"https:\/\/pilfood.es\/es\/#organization"},"potentialAction":[{"@type":"SearchAction","target":{"@type":"EntryPoint","urlTemplate":"https:\/\/pilfood.es\/es\/?s={search_term_string}"},"query-input":{"@type":"PropertyValueSpecification","valueRequired":true,"valueName":"search_term_string"}}],"inLanguage":"es"},{"@type":"Organization","@id":"https:\/\/pilfood.es\/es\/#organization","name":"Pilfood","url":"https:\/\/pilfood.es\/es\/","logo":{"@type":"ImageObject","inLanguage":"es","@id":"https:\/\/pilfood.es\/es\/#\/schema\/logo\/image\/","url":"https:\/\/pilfood.es\/app\/uploads\/2023\/03\/Pilfood.png","contentUrl":"https:\/\/pilfood.es\/app\/uploads\/2023\/03\/Pilfood.png","width":164,"height":79,"caption":"Pilfood"},"image":{"@id":"https:\/\/pilfood.es\/es\/#\/schema\/logo\/image\/"}}]}},"_links":{"self":[{"href":"https:\/\/pilfood.es\/es\/wp-json\/wp\/v2\/pages\/22","targetHints":{"allow":["GET"]}}],"collection":[{"href":"https:\/\/pilfood.es\/es\/wp-json\/wp\/v2\/pages"}],"about":[{"href":"https:\/\/pilfood.es\/es\/wp-json\/wp\/v2\/types\/page"}],"author":[{"embeddable":true,"href":"https:\/\/pilfood.es\/es\/wp-json\/wp\/v2\/users\/2"}],"replies":[{"embeddable":true,"href":"https:\/\/pilfood.es\/es\/wp-json\/wp\/v2\/comments?post=22"}],"version-history":[{"count":5,"href":"https:\/\/pilfood.es\/es\/wp-json\/wp\/v2\/pages\/22\/revisions"}],"predecessor-version":[{"id":496,"href":"https:\/\/pilfood.es\/es\/wp-json\/wp\/v2\/pages\/22\/revisions\/496"}],"wp:attachment":[{"href":"https:\/\/pilfood.es\/es\/wp-json\/wp\/v2\/media?parent=22"}],"wp:term":[{"taxonomy":"from-article-database","embeddable":true,"href":"https:\/\/pilfood.es\/es\/wp-json\/wp\/v2\/from-article-database?post=22"}],"curies":[{"name":"wp","href":"https:\/\/api.w.org\/{rel}","templated":true}]}}