{"id":26,"date":"2023-03-13T11:32:46","date_gmt":"2023-03-13T10:32:46","guid":{"rendered":"https:\/\/pilfood.es\/?page_id=26"},"modified":"2025-06-23T12:11:01","modified_gmt":"2025-06-23T10:11:01","slug":"caida-del-cabello","status":"publish","type":"page","link":"https:\/\/pilfood.es\/es\/caida-del-cabello\/","title":{"rendered":"Ca\u00edda del cabello"},"content":{"rendered":"\n<div class=\"wp-block-karopharma-free-text pt-large pb-large bg-center bg-cover bg-no-repeat\" style=\"background-image:url(https:\/\/pilfood.es\/cdn-cgi\/image\/format=auto\/app\/uploads\/2023\/03\/caida-del.jpg)\"><div class=\"free-text-wrapper container max-w-medium text-center\">\n<div style=\"height:100px\" aria-hidden=\"true\" class=\"wp-block-spacer is-style-responsive-small\"><\/div>\n\n\n\n<h1 class=\"wp-block-heading is-style-heading-huge has-white-color has-text-color\">La ca\u00edda del cabello<\/h1>\n\n\n\n<p class=\"is-style-paragraph-preamble has-white-color has-text-color\">La ca\u00edda del cabello o alopecia es un problema m\u00e9dico que se produce por una ca\u00edda prematura del cabello de forma temporal o definitiva. Una ca\u00edda entre 50-80 cabellos est\u00e1 dentro de los valores normales de salud capilar. Se considera anormal una ca\u00edda de m\u00e1s de 125-150 cabellos al d\u00eda.<\/p>\n\n\n\n<div style=\"height:100px\" aria-hidden=\"true\" class=\"wp-block-spacer is-style-responsive-small\"><\/div>\n<\/div><\/div>\n\n\n\n<div class=\"wp-block-karopharma-free-text pt-large pb-large bg-center bg-cover bg-no-repeat  is-style-tertiary\" style=\"background-image:url()\"><div class=\"free-text-wrapper container max-w-medium text-left\">\n<p>El cabello es una de las partes del cuerpo que m\u00e1s cuidamos y que interviene directamente en el aspecto y la imagen que tenemos y proyectamos. En la actualidad la ca\u00edda del cabello es un problema que se produce tanto en hombres como en mujeres. Para muchos, la p\u00e9rdida del cabello est\u00e1 considerada como una se\u00f1al de envejecimiento, falta de atractivo o confianza en uno mismo, pudiendo afectar de forma importante a la autoestima de las personas que la sufren.<\/p>\n\n\n\n<p>Por eso, cada vez son m\u00e1s las personas que se preocupan por la salud de su cabello y previenen los efectos de la ca\u00edda.<\/p>\n<\/div><\/div>\n\n\n\n<section class=\"wp-block-karopharma-image-with-text image-with-text image-with-text__not-full-width\"><div class=\"image-with-text-container image-with-text-container__align-right\"><div class=\"image-with-text-container-image-container\"><img decoding=\"async\" loading=\"lazy\" src=\"https:\/\/pilfood.es\/cdn-cgi\/image\/format=auto\/app\/uploads\/2023\/03\/caida-del-cabello-hombre.jpeg\" alt=\"La ca\u00edda del cabello en el hombre\"\/><\/div><div class=\"image-with-text-container-content\" style=\"text-align:left\" data-test=\"content\"><div class=\"content\"><h2>La ca\u00edda del cabello en el hombre<\/h2><p class=\"body\" data-test=\"body\">La alopecia en el hombre principalmente es causa de factores gen\u00e9ticos y hormonales, pero tambi\u00e9n el estr\u00e9s y el estilo de vida afectan significativamente a la salud y estado del cabello.<br><br>Suele iniciarse en la zona de las entradas y en la coronilla generando una reducci\u00f3n progresiva de los fol\u00edculos pilosos, hasta que finalmente el cabello se desprende. Sus causas se deben a un aumento local de dihidrotestosterona (DHT), una hormona masculina que provoca que se acorte la fase de crecimiento del cabello.<br><br>La ca\u00edda del cabello es un problema muy habitual en los hombres y afecta directamente a su imagen influyendo en gran manera en el aspecto f\u00edsico de los que la sufren. Muchos de los hombres que tienen este problema sienten impotencia ante la situaci\u00f3n, as\u00ed como p\u00e9rdida de su atractivo f\u00edsico reconociendo en muchos casos haber perdido parte de la confianza en ellos mismos. Por eso una previsi\u00f3n y tratamiento adecuados ayuda a luchar contra la ca\u00edda del cabello.<\/p>\n<div class=\"wp-block-buttons is-layout-flex wp-block-buttons-is-layout-flex\">\n<div class=\"wp-block-button\"><a class=\"wp-block-button__link wp-element-button\" href=\"https:\/\/pilfood.es\/es\/productos\/\">Descubre como Pilfood\u00ae puede ayudarte<\/a><\/div>\n<\/div>\n<\/div><\/div><\/div><\/section>\n\n\n\n<section class=\"wp-block-karopharma-image-with-text image-with-text image-with-text__not-full-width\"><div class=\"image-with-text-container \"><div class=\"image-with-text-container-image-container\"><img decoding=\"async\" loading=\"lazy\" src=\"https:\/\/pilfood.es\/cdn-cgi\/image\/format=auto\/app\/uploads\/2023\/03\/caida-del-cabello-mujer.jpeg\" alt=\"caida-del-cabello-mujer\"\/><\/div><div class=\"image-with-text-container-content\" style=\"text-align:left\" data-test=\"content\"><div class=\"content\"><h2>La ca\u00edda del cabello en la mujer<\/h2><p class=\"body\" data-test=\"body\"><strong>Cada vez m\u00e1s son las mujeres que ven afectada la salud de su cabello.<br><\/strong><br>Desde factores gen\u00e9ticos a ambientales o de estilo de vida, el pelo de la mujer sufre una ca\u00edda mayor a partir de los 50 a\u00f1os. Una buena prevenci\u00f3n y tratamiento ayuda por tanto a nutrir y reforzar el cabello para evitar enfrentarse en un futuro a problemas m\u00e1s serios de alopecia.<br><br>En algunas ocasiones las mujeres sufren un efecto llamado Efluvio Telog\u00e9nico en que por causas no muy conocidas, pero cada vez m\u00e1s comunes, las mujeres entre 30 y 60 a\u00f1os pierden cabello de forma muy r\u00e1pida. Se cree que el estilo de vida y el estr\u00e9s pueden ser los causantes y est\u00e1 directamente relacionado con un aporte deficitario de elementos esenciales como amino\u00e1cidos, oligoelementos y vitaminas.<br><br>Sin duda alguna, el momento clave donde la mujer tiene que enfrentarse a esta p\u00e9rdida dr\u00e1stica del cabello es despu\u00e9s de un parto. Pilfood\u00ae, gracias a sus componentes y que act\u00faa desde la ra\u00edz puede ayudarte a recuperar el estado natural de tu cabello tras estos episodios temporales.<\/p>\n<div class=\"wp-block-buttons is-layout-flex wp-block-buttons-is-layout-flex\">\n<div class=\"wp-block-button\"><a class=\"wp-block-button__link wp-element-button\" href=\"https:\/\/pilfood.es\/es\/productos\/\">Descubre como Pilfood\u00ae puede ayudarte<\/a><\/div>\n<\/div>\n<\/div><\/div><\/div><\/section>\n","protected":false},"excerpt":{"rendered":"","protected":false},"author":2,"featured_media":0,"parent":0,"menu_order":0,"comment_status":"closed","ping_status":"closed","template":"","meta":{"_acf_changed":false,"footnotes":""},"from-article-database":[],"class_list":["post-26","page","type-page","status-publish","hentry"],"acf":[],"yoast_head":"<!-- This site is optimized with the Yoast SEO plugin v26.6 - https:\/\/yoast.com\/wordpress\/plugins\/seo\/ -->\n<title>Ca\u00edda del cabello - Pilfood<\/title>\n<meta name=\"description\" content=\"La ca\u00edda del cabello o alopecia es un problema m\u00e9dico que se produce por una ca\u00edda prematura del cabello de forma temporal o definitiva.\" \/>\n<meta name=\"robots\" content=\"index, follow, max-snippet:-1, max-image-preview:large, max-video-preview:-1\" \/>\n<link rel=\"canonical\" href=\"https:\/\/pilfood.es\/es\/caida-del-cabello\/\" \/>\n<meta property=\"og:locale\" content=\"es_ES\" \/>\n<meta property=\"og:type\" content=\"article\" \/>\n<meta property=\"og:title\" content=\"Ca\u00edda del cabello - Pilfood\" \/>\n<meta property=\"og:description\" content=\"La ca\u00edda del cabello o alopecia es un problema m\u00e9dico que se produce por una ca\u00edda prematura del cabello de forma temporal o definitiva.\" \/>\n<meta property=\"og:url\" content=\"https:\/\/pilfood.es\/es\/caida-del-cabello\/\" \/>\n<meta property=\"og:site_name\" content=\"Pilfood\" \/>\n<meta property=\"article:modified_time\" content=\"2025-06-23T10:11:01+00:00\" \/>\n<meta property=\"og:image\" content=\"https:\/\/pilfood.es\/cdn-cgi\/image\/format=auto\/app\/uploads\/2023\/03\/caida-del-cabello-hombre.jpeg\" \/>\n<meta name=\"twitter:card\" content=\"summary_large_image\" \/>\n<meta name=\"twitter:label1\" content=\"Tiempo de lectura\" \/>\n\t<meta name=\"twitter:data1\" content=\"3 minutos\" \/>\n<script type=\"application\/ld+json\" class=\"yoast-schema-graph\">{\"@context\":\"https:\/\/schema.org\",\"@graph\":[{\"@type\":\"WebPage\",\"@id\":\"https:\/\/pilfood.es\/es\/caida-del-cabello\/\",\"url\":\"https:\/\/pilfood.es\/es\/caida-del-cabello\/\",\"name\":\"Ca\u00edda del cabello - Pilfood\",\"isPartOf\":{\"@id\":\"https:\/\/pilfood.es\/es\/#website\"},\"primaryImageOfPage\":{\"@id\":\"https:\/\/pilfood.es\/es\/caida-del-cabello\/#primaryimage\"},\"image\":{\"@id\":\"https:\/\/pilfood.es\/es\/caida-del-cabello\/#primaryimage\"},\"thumbnailUrl\":\"https:\/\/pilfood.es\/cdn-cgi\/image\/format=auto\/app\/uploads\/2023\/03\/caida-del-cabello-hombre.jpeg\",\"datePublished\":\"2023-03-13T10:32:46+00:00\",\"dateModified\":\"2025-06-23T10:11:01+00:00\",\"description\":\"La ca\u00edda del cabello o alopecia es un problema m\u00e9dico que se produce por una ca\u00edda prematura del cabello de forma temporal o definitiva.\",\"breadcrumb\":{\"@id\":\"https:\/\/pilfood.es\/es\/caida-del-cabello\/#breadcrumb\"},\"inLanguage\":\"es\",\"potentialAction\":[{\"@type\":\"ReadAction\",\"target\":[\"https:\/\/pilfood.es\/es\/caida-del-cabello\/\"]}]},{\"@type\":\"ImageObject\",\"inLanguage\":\"es\",\"@id\":\"https:\/\/pilfood.es\/es\/caida-del-cabello\/#primaryimage\",\"url\":\"https:\/\/pilfood.es\/cdn-cgi\/image\/format=auto\/app\/uploads\/2023\/03\/caida-del-cabello-hombre.jpeg\",\"contentUrl\":\"https:\/\/pilfood.es\/cdn-cgi\/image\/format=auto\/app\/uploads\/2023\/03\/caida-del-cabello-hombre.jpeg\"},{\"@type\":\"BreadcrumbList\",\"@id\":\"https:\/\/pilfood.es\/es\/caida-del-cabello\/#breadcrumb\",\"itemListElement\":[{\"@type\":\"ListItem\",\"position\":1,\"name\":\"Home\",\"item\":\"https:\/\/pilfood.es\/es\/\"},{\"@type\":\"ListItem\",\"position\":2,\"name\":\"Ca\u00edda del cabello\"}]},{\"@type\":\"WebSite\",\"@id\":\"https:\/\/pilfood.es\/es\/#website\",\"url\":\"https:\/\/pilfood.es\/es\/\",\"name\":\"Pilfood\",\"description\":\"\",\"publisher\":{\"@id\":\"https:\/\/pilfood.es\/es\/#organization\"},\"potentialAction\":[{\"@type\":\"SearchAction\",\"target\":{\"@type\":\"EntryPoint\",\"urlTemplate\":\"https:\/\/pilfood.es\/es\/?s={search_term_string}\"},\"query-input\":{\"@type\":\"PropertyValueSpecification\",\"valueRequired\":true,\"valueName\":\"search_term_string\"}}],\"inLanguage\":\"es\"},{\"@type\":\"Organization\",\"@id\":\"https:\/\/pilfood.es\/es\/#organization\",\"name\":\"Pilfood\",\"url\":\"https:\/\/pilfood.es\/es\/\",\"logo\":{\"@type\":\"ImageObject\",\"inLanguage\":\"es\",\"@id\":\"https:\/\/pilfood.es\/es\/#\/schema\/logo\/image\/\",\"url\":\"https:\/\/pilfood.es\/app\/uploads\/2023\/03\/Pilfood.png\",\"contentUrl\":\"https:\/\/pilfood.es\/app\/uploads\/2023\/03\/Pilfood.png\",\"width\":164,\"height\":79,\"caption\":\"Pilfood\"},\"image\":{\"@id\":\"https:\/\/pilfood.es\/es\/#\/schema\/logo\/image\/\"}}]}<\/script>\n<!-- \/ Yoast SEO plugin. -->","yoast_head_json":{"title":"Ca\u00edda del cabello - Pilfood","description":"La ca\u00edda del cabello o alopecia es un problema m\u00e9dico que se produce por una ca\u00edda prematura del cabello de forma temporal o definitiva.","robots":{"index":"index","follow":"follow","max-snippet":"max-snippet:-1","max-image-preview":"max-image-preview:large","max-video-preview":"max-video-preview:-1"},"canonical":"https:\/\/pilfood.es\/es\/caida-del-cabello\/","og_locale":"es_ES","og_type":"article","og_title":"Ca\u00edda del cabello - Pilfood","og_description":"La ca\u00edda del cabello o alopecia es un problema m\u00e9dico que se produce por una ca\u00edda prematura del cabello de forma temporal o definitiva.","og_url":"https:\/\/pilfood.es\/es\/caida-del-cabello\/","og_site_name":"Pilfood","article_modified_time":"2025-06-23T10:11:01+00:00","og_image":[{"url":"https:\/\/pilfood.es\/cdn-cgi\/image\/format=auto\/app\/uploads\/2023\/03\/caida-del-cabello-hombre.jpeg","type":"","width":"","height":""}],"twitter_card":"summary_large_image","twitter_misc":{"Tiempo de lectura":"3 minutos"},"schema":{"@context":"https:\/\/schema.org","@graph":[{"@type":"WebPage","@id":"https:\/\/pilfood.es\/es\/caida-del-cabello\/","url":"https:\/\/pilfood.es\/es\/caida-del-cabello\/","name":"Ca\u00edda del cabello - Pilfood","isPartOf":{"@id":"https:\/\/pilfood.es\/es\/#website"},"primaryImageOfPage":{"@id":"https:\/\/pilfood.es\/es\/caida-del-cabello\/#primaryimage"},"image":{"@id":"https:\/\/pilfood.es\/es\/caida-del-cabello\/#primaryimage"},"thumbnailUrl":"https:\/\/pilfood.es\/cdn-cgi\/image\/format=auto\/app\/uploads\/2023\/03\/caida-del-cabello-hombre.jpeg","datePublished":"2023-03-13T10:32:46+00:00","dateModified":"2025-06-23T10:11:01+00:00","description":"La ca\u00edda del cabello o alopecia es un problema m\u00e9dico que se produce por una ca\u00edda prematura del cabello de forma temporal o definitiva.","breadcrumb":{"@id":"https:\/\/pilfood.es\/es\/caida-del-cabello\/#breadcrumb"},"inLanguage":"es","potentialAction":[{"@type":"ReadAction","target":["https:\/\/pilfood.es\/es\/caida-del-cabello\/"]}]},{"@type":"ImageObject","inLanguage":"es","@id":"https:\/\/pilfood.es\/es\/caida-del-cabello\/#primaryimage","url":"https:\/\/pilfood.es\/cdn-cgi\/image\/format=auto\/app\/uploads\/2023\/03\/caida-del-cabello-hombre.jpeg","contentUrl":"https:\/\/pilfood.es\/cdn-cgi\/image\/format=auto\/app\/uploads\/2023\/03\/caida-del-cabello-hombre.jpeg"},{"@type":"BreadcrumbList","@id":"https:\/\/pilfood.es\/es\/caida-del-cabello\/#breadcrumb","itemListElement":[{"@type":"ListItem","position":1,"name":"Home","item":"https:\/\/pilfood.es\/es\/"},{"@type":"ListItem","position":2,"name":"Ca\u00edda del cabello"}]},{"@type":"WebSite","@id":"https:\/\/pilfood.es\/es\/#website","url":"https:\/\/pilfood.es\/es\/","name":"Pilfood","description":"","publisher":{"@id":"https:\/\/pilfood.es\/es\/#organization"},"potentialAction":[{"@type":"SearchAction","target":{"@type":"EntryPoint","urlTemplate":"https:\/\/pilfood.es\/es\/?s={search_term_string}"},"query-input":{"@type":"PropertyValueSpecification","valueRequired":true,"valueName":"search_term_string"}}],"inLanguage":"es"},{"@type":"Organization","@id":"https:\/\/pilfood.es\/es\/#organization","name":"Pilfood","url":"https:\/\/pilfood.es\/es\/","logo":{"@type":"ImageObject","inLanguage":"es","@id":"https:\/\/pilfood.es\/es\/#\/schema\/logo\/image\/","url":"https:\/\/pilfood.es\/app\/uploads\/2023\/03\/Pilfood.png","contentUrl":"https:\/\/pilfood.es\/app\/uploads\/2023\/03\/Pilfood.png","width":164,"height":79,"caption":"Pilfood"},"image":{"@id":"https:\/\/pilfood.es\/es\/#\/schema\/logo\/image\/"}}]}},"_links":{"self":[{"href":"https:\/\/pilfood.es\/es\/wp-json\/wp\/v2\/pages\/26","targetHints":{"allow":["GET"]}}],"collection":[{"href":"https:\/\/pilfood.es\/es\/wp-json\/wp\/v2\/pages"}],"about":[{"href":"https:\/\/pilfood.es\/es\/wp-json\/wp\/v2\/types\/page"}],"author":[{"embeddable":true,"href":"https:\/\/pilfood.es\/es\/wp-json\/wp\/v2\/users\/2"}],"replies":[{"embeddable":true,"href":"https:\/\/pilfood.es\/es\/wp-json\/wp\/v2\/comments?post=26"}],"version-history":[{"count":10,"href":"https:\/\/pilfood.es\/es\/wp-json\/wp\/v2\/pages\/26\/revisions"}],"predecessor-version":[{"id":498,"href":"https:\/\/pilfood.es\/es\/wp-json\/wp\/v2\/pages\/26\/revisions\/498"}],"wp:attachment":[{"href":"https:\/\/pilfood.es\/es\/wp-json\/wp\/v2\/media?parent=26"}],"wp:term":[{"taxonomy":"from-article-database","embeddable":true,"href":"https:\/\/pilfood.es\/es\/wp-json\/wp\/v2\/from-article-database?post=26"}],"curies":[{"name":"wp","href":"https:\/\/api.w.org\/{rel}","templated":true}]}}