{"id":34,"date":"2023-03-13T11:49:56","date_gmt":"2023-03-13T10:49:56","guid":{"rendered":"https:\/\/pilfood.es\/?page_id=34"},"modified":"2025-05-06T08:04:50","modified_gmt":"2025-05-06T06:04:50","slug":"pilfood-2","status":"publish","type":"page","link":"https:\/\/pilfood.es\/es\/","title":{"rendered":"Pilfood"},"content":{"rendered":"\n<div class=\"wp-block-karopharma-free-text pt-large pb-large bg-center bg-cover bg-no-repeat bg-box\" style=\"background-image:url(https:\/\/pilfood.es\/cdn-cgi\/image\/format=auto\/app\/uploads\/2023\/03\/productos-front-background-boxed.jpg)\"><div class=\"free-text-wrapper container max-w-medium text-center\">\n<h1 class=\"is-style-heading-huge wp-block-heading\"><mark style=\"background-color:rgba(0, 0, 0, 0)\" class=\"has-inline-color has-primary-color\">Cuidado capilar prevenci\u00f3n y mantenimiento<\/mark><\/h1>\n\n\n\n<div class=\"wp-block-image\"><figure class=\"aligncenter size-full is-resized\"><img loading=\"lazy\" decoding=\"async\" src=\"https:\/\/pilfood.es\/app\/uploads\/2023\/03\/productos-front.png\" alt=\"Productos Pilfood\" class=\"wp-image-43\" width=\"872\" height=\"285\" srcset=\"https:\/\/pilfood.es\/app\/uploads\/2023\/03\/productos-front.png 1024w, https:\/\/pilfood.es\/app\/uploads\/2023\/03\/productos-front-320x105.png 320w, https:\/\/pilfood.es\/app\/uploads\/2023\/03\/productos-front-768x251.png 768w, https:\/\/pilfood.es\/app\/uploads\/2023\/03\/productos-front-600x196.png 600w\" sizes=\"auto, (max-width: 872px) 100vw, 872px\" \/><\/figure><\/div>\n\n\n\n<h2 class=\"is-style-heading-h2 wp-block-heading\">Ca\u00edda ligera, moderada, intensa<\/h2>\n\n\n\n<div class=\"wp-block-buttons is-layout-flex wp-block-buttons-is-layout-flex\">\n<div class=\"wp-block-button\"><a class=\"wp-block-button__link\" href=\"https:\/\/pilfood.es\/productos\/\">Ver nuestros productos<\/a><\/div>\n<\/div>\n<\/div><\/div>\n\n\n<div class=\"product-list wp-block-karopharma-product-list\" data-testid=\"product-list\">\n      <div class=\"swiper-container\">\n      <div class=\"swiper\">\n        <div class=\"swiper-wrapper\">\n                      <div class=\"swiper-slide\">\n              <div class=\"product-card\" data-testid=\"product-card\">\n  <a\n    href=https:\/\/pilfood.es\/es\/producto\/pilfood-complex-density-capsules\/\n    class=\"product-card-link\"\n    title=\"Pilfood\u00ae Complex Density Capsules\"\n  >\n  <figure class=\"product-card-image\" data-testid=\"product-image\">\n                          <img decoding=\"async\" src=\"https:\/\/pilfood.es\/cdn-cgi\/image\/width=700,format=auto\/app\/uploads\/2023\/03\/Pilfood-Complex-Density-60-capsulas.png\"\n        srcset=\"https:\/\/pilfood.es\/cdn-cgi\/image\/width=250,format=auto\/app\/uploads\/2023\/03\/Pilfood-Complex-Density-60-capsulas.png 250w,\n                https:\/\/pilfood.es\/cdn-cgi\/image\/width=500,format=auto\/app\/uploads\/2023\/03\/Pilfood-Complex-Density-60-capsulas.png 500w,\n                https:\/\/pilfood.es\/cdn-cgi\/image\/width=700,format=auto\/app\/uploads\/2023\/03\/Pilfood-Complex-Density-60-capsulas.png 700w\"\n        sizes=\"(max-width: 400px) 250px, (max-width: 800px) 500px, 700px\"\n        alt=\"Pilfood-Complex-Density-60-ca\u0301psulas\"\n        class=\"img\">\n            <\/figure>\n    <div class=\"product-card-content\">\n      <div class=\"heading-wrapper\">\n        <h2 class=\"heading\">Pilfood\u00ae Complex Density Capsules<\/h2>\n      <\/div>\n      <div class=\"product-card-description\">El 96% de los usuarios confirman un aumento de cabellos<\/div>\n                      <\/div>\n  <\/a>\n      <div class=\"button-wrapper\">\n    <a\n      href=https:\/\/pilfood.es\/es\/producto\/pilfood-complex-density-capsules\/\n      target=_self\n      class=\"theme-button button-primary-color rounded-button\"\n      rel=\"noopener\"\n      title=\"M\u00e1s informaci\u00f3n\"\n    >\n       M\u00e1s informaci\u00f3n\n    <\/a>\n<\/div>  <\/div>\n            <\/div>\n                      <div class=\"swiper-slide\">\n              <div class=\"product-card\" data-testid=\"product-card\">\n  <a\n    href=https:\/\/pilfood.es\/es\/producto\/pilfood-complex-energy-hair-comprimidos\/\n    class=\"product-card-link\"\n    title=\"Pilfood\u00ae Complex Energy Hair \u2013 Comprimidos\"\n  >\n  <figure class=\"product-card-image\" data-testid=\"product-image\">\n                          <img decoding=\"async\" src=\"https:\/\/pilfood.es\/cdn-cgi\/image\/width=700,format=auto\/app\/uploads\/2023\/03\/Pilfood-Complex-Energy-Hair-60-comprimidos.png\"\n        srcset=\"https:\/\/pilfood.es\/cdn-cgi\/image\/width=250,format=auto\/app\/uploads\/2023\/03\/Pilfood-Complex-Energy-Hair-60-comprimidos.png 250w,\n                https:\/\/pilfood.es\/cdn-cgi\/image\/width=500,format=auto\/app\/uploads\/2023\/03\/Pilfood-Complex-Energy-Hair-60-comprimidos.png 500w,\n                https:\/\/pilfood.es\/cdn-cgi\/image\/width=700,format=auto\/app\/uploads\/2023\/03\/Pilfood-Complex-Energy-Hair-60-comprimidos.png 700w\"\n        sizes=\"(max-width: 400px) 250px, (max-width: 800px) 500px, 700px\"\n        alt=\"Pilfood-Complex-Energy-Hair-60-comprimidos\"\n        class=\"img\">\n            <\/figure>\n    <div class=\"product-card-content\">\n      <div class=\"heading-wrapper\">\n        <h2 class=\"heading\">Pilfood\u00ae Complex Energy Hair \u2013 Comprimidos<\/h2>\n      <\/div>\n      <div class=\"product-card-description\">El 96% de los usuarios confirman un aumento de cabellos\n\n<\/div>\n                      <\/div>\n  <\/a>\n      <div class=\"button-wrapper\">\n    <a\n      href=https:\/\/pilfood.es\/es\/producto\/pilfood-complex-energy-hair-comprimidos\/\n      target=_self\n      class=\"theme-button button-primary-color rounded-button\"\n      rel=\"noopener\"\n      title=\"M\u00e1s informaci\u00f3n\"\n    >\n       M\u00e1s informaci\u00f3n\n    <\/a>\n<\/div>  <\/div>\n            <\/div>\n                      <div class=\"swiper-slide\">\n              <div class=\"product-card\" data-testid=\"product-card\">\n  <a\n    href=https:\/\/pilfood.es\/es\/producto\/pilfood-complex-plus-45\/\n    class=\"product-card-link\"\n    title=\"Pilfood\u00ae Complex Plus 45\"\n  >\n  <figure class=\"product-card-image\" data-testid=\"product-image\">\n                          <img decoding=\"async\" src=\"https:\/\/pilfood.es\/cdn-cgi\/image\/width=700,format=auto\/app\/uploads\/2023\/03\/Pilfood-Plus-45.png\"\n        srcset=\"https:\/\/pilfood.es\/cdn-cgi\/image\/width=250,format=auto\/app\/uploads\/2023\/03\/Pilfood-Plus-45.png 250w,\n                https:\/\/pilfood.es\/cdn-cgi\/image\/width=500,format=auto\/app\/uploads\/2023\/03\/Pilfood-Plus-45.png 500w,\n                https:\/\/pilfood.es\/cdn-cgi\/image\/width=700,format=auto\/app\/uploads\/2023\/03\/Pilfood-Plus-45.png 700w\"\n        sizes=\"(max-width: 400px) 250px, (max-width: 800px) 500px, 700px\"\n        alt=\"Pilfood\u00ae Complex Plus 45\"\n        class=\"img\">\n            <\/figure>\n    <div class=\"product-card-content\">\n      <div class=\"heading-wrapper\">\n        <h2 class=\"heading\">Pilfood\u00ae Complex Plus 45<\/h2>\n      <\/div>\n      <div class=\"product-card-description\">Un complemento alimenticio adecuado para el periodo de menopausia<\/div>\n                      <\/div>\n  <\/a>\n      <div class=\"button-wrapper\">\n    <a\n      href=https:\/\/pilfood.es\/es\/producto\/pilfood-complex-plus-45\/\n      target=_self\n      class=\"theme-button button-primary-color rounded-button\"\n      rel=\"noopener\"\n      title=\"M\u00e1s informaci\u00f3n\"\n    >\n       M\u00e1s informaci\u00f3n\n    <\/a>\n<\/div>  <\/div>\n            <\/div>\n                      <div class=\"swiper-slide\">\n              <div class=\"product-card\" data-testid=\"product-card\">\n  <a\n    href=https:\/\/pilfood.es\/es\/producto\/pilfood-complex-postpartum\/\n    class=\"product-card-link\"\n    title=\"Pilfood\u00ae Complex Postpartum\"\n  >\n  <figure class=\"product-card-image\" data-testid=\"product-image\">\n                          <img decoding=\"async\" src=\"https:\/\/pilfood.es\/cdn-cgi\/image\/width=700,format=auto\/app\/uploads\/2023\/03\/Pilfood-Postpartum.png\"\n        srcset=\"https:\/\/pilfood.es\/cdn-cgi\/image\/width=250,format=auto\/app\/uploads\/2023\/03\/Pilfood-Postpartum.png 250w,\n                https:\/\/pilfood.es\/cdn-cgi\/image\/width=500,format=auto\/app\/uploads\/2023\/03\/Pilfood-Postpartum.png 500w,\n                https:\/\/pilfood.es\/cdn-cgi\/image\/width=700,format=auto\/app\/uploads\/2023\/03\/Pilfood-Postpartum.png 700w\"\n        sizes=\"(max-width: 400px) 250px, (max-width: 800px) 500px, 700px\"\n        alt=\"Pilfood Postpartum\"\n        class=\"img\">\n            <\/figure>\n    <div class=\"product-card-content\">\n      <div class=\"heading-wrapper\">\n        <h2 class=\"heading\">Pilfood\u00ae Complex Postpartum<\/h2>\n      <\/div>\n      <div class=\"product-card-description\">Un complemento alimenticio adecuado para el periodo de postparto<\/div>\n                      <\/div>\n  <\/a>\n      <div class=\"button-wrapper\">\n    <a\n      href=https:\/\/pilfood.es\/es\/producto\/pilfood-complex-postpartum\/\n      target=_self\n      class=\"theme-button button-primary-color rounded-button\"\n      rel=\"noopener\"\n      title=\"M\u00e1s informaci\u00f3n\"\n    >\n       M\u00e1s informaci\u00f3n\n    <\/a>\n<\/div>  <\/div>\n            <\/div>\n                      <div class=\"swiper-slide\">\n              <div class=\"product-card\" data-testid=\"product-card\">\n  <a\n    href=https:\/\/pilfood.es\/es\/producto\/pilfood-first-hair-vitamins\/\n    class=\"product-card-link\"\n    title=\"Pilfood\u00ae First Hair Vitamins\"\n  >\n  <figure class=\"product-card-image\" data-testid=\"product-image\">\n                          <img decoding=\"async\" src=\"https:\/\/pilfood.es\/cdn-cgi\/image\/width=700,format=auto\/app\/uploads\/2023\/03\/Pilfood-gummies.png\"\n        srcset=\"https:\/\/pilfood.es\/cdn-cgi\/image\/width=250,format=auto\/app\/uploads\/2023\/03\/Pilfood-gummies.png 250w,\n                https:\/\/pilfood.es\/cdn-cgi\/image\/width=500,format=auto\/app\/uploads\/2023\/03\/Pilfood-gummies.png 500w,\n                https:\/\/pilfood.es\/cdn-cgi\/image\/width=700,format=auto\/app\/uploads\/2023\/03\/Pilfood-gummies.png 700w\"\n        sizes=\"(max-width: 400px) 250px, (max-width: 800px) 500px, 700px\"\n        alt=\"Pilfood\u00ae First Hair Vitamins\"\n        class=\"img\">\n            <\/figure>\n    <div class=\"product-card-content\">\n      <div class=\"heading-wrapper\">\n        <h2 class=\"heading\">Pilfood\u00ae First Hair Vitamins<\/h2>\n      <\/div>\n      <div class=\"product-card-description\">Complemento alimenticio con vitaminas <\/div>\n                      <\/div>\n  <\/a>\n      <div class=\"button-wrapper\">\n    <a\n      href=https:\/\/pilfood.es\/es\/producto\/pilfood-first-hair-vitamins\/\n      target=_self\n      class=\"theme-button button-primary-color rounded-button\"\n      rel=\"noopener\"\n      title=\"M\u00e1s informaci\u00f3n\"\n    >\n       M\u00e1s informaci\u00f3n\n    <\/a>\n<\/div>  <\/div>\n            <\/div>\n                      <div class=\"swiper-slide\">\n              <div class=\"product-card\" data-testid=\"product-card\">\n  <a\n    href=https:\/\/pilfood.es\/es\/producto\/pilfood-direct-champu-anticaida\/\n    class=\"product-card-link\"\n    title=\"Pilfood\u00ae Direct Champ\u00fa Antica\u00edda\"\n  >\n  <figure class=\"product-card-image\" data-testid=\"product-image\">\n                          <img decoding=\"async\" src=\"https:\/\/pilfood.es\/cdn-cgi\/image\/width=700,format=auto\/app\/uploads\/2023\/03\/Nuevo-Champu\u0301-Pilfood-ATC.png\"\n        srcset=\"https:\/\/pilfood.es\/cdn-cgi\/image\/width=250,format=auto\/app\/uploads\/2023\/03\/Nuevo-Champu\u0301-Pilfood-ATC.png 250w,\n                https:\/\/pilfood.es\/cdn-cgi\/image\/width=500,format=auto\/app\/uploads\/2023\/03\/Nuevo-Champu\u0301-Pilfood-ATC.png 500w,\n                https:\/\/pilfood.es\/cdn-cgi\/image\/width=700,format=auto\/app\/uploads\/2023\/03\/Nuevo-Champu\u0301-Pilfood-ATC.png 700w\"\n        sizes=\"(max-width: 400px) 250px, (max-width: 800px) 500px, 700px\"\n        alt=\"Pilfood\u00ae Direct Champ\u00fa Antica\u00edda\"\n        class=\"img\">\n            <\/figure>\n    <div class=\"product-card-content\">\n      <div class=\"heading-wrapper\">\n        <h2 class=\"heading\">Pilfood\u00ae Direct Champ\u00fa Antica\u00edda<\/h2>\n      <\/div>\n      <div class=\"product-card-description\">Refuerza el cabello y mejora su fijaci\u00f3n al cuero cabelludo <\/div>\n                      <\/div>\n  <\/a>\n      <div class=\"button-wrapper\">\n    <a\n      href=https:\/\/pilfood.es\/es\/producto\/pilfood-direct-champu-anticaida\/\n      target=_self\n      class=\"theme-button button-primary-color rounded-button\"\n      rel=\"noopener\"\n      title=\"M\u00e1s informaci\u00f3n\"\n    >\n       M\u00e1s informaci\u00f3n\n    <\/a>\n<\/div>  <\/div>\n            <\/div>\n                  <\/div>\n        <div class=\"swiper-scrollbar\"><\/div>\n      <\/div>\n    <\/div>\n  <\/div>\n\n\n\n<section class=\"wp-block-karopharma-image-with-text image-with-text image-with-text__not-full-width is-style-primary\"><div class=\"image-with-text-container \"><div class=\"image-with-text-container-image-container\"><img decoding=\"async\" loading=\"lazy\" src=\"https:\/\/pilfood.es\/cdn-cgi\/image\/format=auto\/app\/uploads\/2023\/03\/Pilfood-shampoo-ATC.png\" alt=\"Pilfood-shampoo-ATC\"\/><\/div><div class=\"image-with-text-container-content\" style=\"text-align:left\" data-test=\"content\"><div class=\"content\"><h2>Pilfood<sup>\u00ae<\/sup> te ofrece una amplia gama de productos para el cuidado capilar.<\/h2><p class=\"body\" data-test=\"body\">Complementos alimenticios, comprimidos, c\u00e1psulas, caramelos y tratamientos t\u00f3picos, ampollas, champ\u00fas, lociones, etc.<\/p>\n<div class=\"wp-block-buttons is-layout-flex wp-block-buttons-is-layout-flex\"><\/div>\n<\/div><\/div><\/div><\/section>\n\n\n\n<section class=\"wp-block-karopharma-image-with-text image-with-text image-with-text__not-full-width is-style-secondary\"><div class=\"image-with-text-container image-with-text-container__align-right\"><div class=\"image-with-text-container-image-container\"><img decoding=\"async\" loading=\"lazy\" src=\"https:\/\/pilfood.es\/cdn-cgi\/image\/format=auto\/app\/uploads\/2023\/03\/Slide-Pilfood-Conditioner.png\" alt=\"Pilfood-Conditioner\"\/><\/div><div class=\"image-with-text-container-content\" style=\"text-align:left\" data-test=\"content\"><div class=\"content\"><h2>Pilfood<sup>\u00ae<\/sup> Direct es la marca del Champ\u00fa Antica\u00edda<\/h2><p class=\"body\" data-test=\"body\">Un champ\u00fa de gran eficacia gracias a su f\u00f3rmula exclusiva con Pro-Anagex<sup>\u00ae<\/sup>, Vitaminas, \u00c1cido hialur\u00f3nico y Keratina. SYNDET, sin siliconas, sin parabenos , sin sulfatos.<\/p>\n<div class=\"wp-block-buttons is-layout-flex wp-block-buttons-is-layout-flex\"><\/div>\n<\/div><\/div><\/div><\/section>\n","protected":false},"excerpt":{"rendered":"","protected":false},"author":2,"featured_media":0,"parent":0,"menu_order":0,"comment_status":"closed","ping_status":"closed","template":"","meta":{"_acf_changed":false,"footnotes":""},"from-article-database":[],"class_list":["post-34","page","type-page","status-publish","hentry"],"acf":[],"yoast_head":"<!-- This site is optimized with the Yoast SEO plugin v26.6 - https:\/\/yoast.com\/wordpress\/plugins\/seo\/ -->\n<title>Pilfood - Pilfood<\/title>\n<meta name=\"description\" content=\"Cuidado capilar prevenci\u00f3n y mantenimiento. Ca\u00edda ligera, moderada, intensa.\" \/>\n<meta name=\"robots\" content=\"index, follow, max-snippet:-1, max-image-preview:large, max-video-preview:-1\" \/>\n<link rel=\"canonical\" href=\"https:\/\/pilfood.es\/es\/\" \/>\n<meta property=\"og:locale\" content=\"es_ES\" \/>\n<meta property=\"og:type\" content=\"article\" \/>\n<meta property=\"og:title\" content=\"Pilfood - Pilfood\" \/>\n<meta property=\"og:description\" content=\"Cuidado capilar prevenci\u00f3n y mantenimiento. Ca\u00edda ligera, moderada, intensa.\" \/>\n<meta property=\"og:url\" content=\"https:\/\/pilfood.es\/es\/\" \/>\n<meta property=\"og:site_name\" content=\"Pilfood\" \/>\n<meta property=\"article:modified_time\" content=\"2025-05-06T06:04:50+00:00\" \/>\n<meta property=\"og:image\" content=\"https:\/\/pilfood.es\/app\/uploads\/2023\/03\/productos-front.png\" \/>\n\t<meta property=\"og:image:width\" content=\"1024\" \/>\n\t<meta property=\"og:image:height\" content=\"335\" \/>\n\t<meta property=\"og:image:type\" content=\"image\/png\" \/>\n<meta name=\"twitter:card\" content=\"summary_large_image\" \/>\n<meta name=\"twitter:label1\" content=\"Tiempo de lectura\" \/>\n\t<meta name=\"twitter:data1\" content=\"1 minuto\" \/>\n<script type=\"application\/ld+json\" class=\"yoast-schema-graph\">{\"@context\":\"https:\/\/schema.org\",\"@graph\":[{\"@type\":\"WebPage\",\"@id\":\"https:\/\/pilfood.es\/es\/\",\"url\":\"https:\/\/pilfood.es\/es\/\",\"name\":\"Pilfood - Pilfood\",\"isPartOf\":{\"@id\":\"https:\/\/pilfood.es\/es\/#website\"},\"primaryImageOfPage\":{\"@id\":\"https:\/\/pilfood.es\/es\/#primaryimage\"},\"image\":{\"@id\":\"https:\/\/pilfood.es\/es\/#primaryimage\"},\"thumbnailUrl\":\"https:\/\/pilfood.es\/app\/uploads\/2023\/03\/productos-front.png\",\"datePublished\":\"2023-03-13T10:49:56+00:00\",\"dateModified\":\"2025-05-06T06:04:50+00:00\",\"description\":\"Cuidado capilar prevenci\u00f3n y mantenimiento. Ca\u00edda ligera, moderada, intensa.\",\"breadcrumb\":{\"@id\":\"https:\/\/pilfood.es\/es\/#breadcrumb\"},\"inLanguage\":\"es\",\"potentialAction\":[{\"@type\":\"ReadAction\",\"target\":[\"https:\/\/pilfood.es\/es\/\"]}]},{\"@type\":\"ImageObject\",\"inLanguage\":\"es\",\"@id\":\"https:\/\/pilfood.es\/es\/#primaryimage\",\"url\":\"https:\/\/pilfood.es\/app\/uploads\/2023\/03\/productos-front.png\",\"contentUrl\":\"https:\/\/pilfood.es\/app\/uploads\/2023\/03\/productos-front.png\"},{\"@type\":\"BreadcrumbList\",\"@id\":\"https:\/\/pilfood.es\/es\/#breadcrumb\",\"itemListElement\":[{\"@type\":\"ListItem\",\"position\":1,\"name\":\"Home\",\"item\":\"https:\/\/pilfood.es\/es\/\"},{\"@type\":\"ListItem\",\"position\":2,\"name\":\"Pilfood\"}]},{\"@type\":\"WebSite\",\"@id\":\"https:\/\/pilfood.es\/es\/#website\",\"url\":\"https:\/\/pilfood.es\/es\/\",\"name\":\"Pilfood\",\"description\":\"\",\"publisher\":{\"@id\":\"https:\/\/pilfood.es\/es\/#organization\"},\"potentialAction\":[{\"@type\":\"SearchAction\",\"target\":{\"@type\":\"EntryPoint\",\"urlTemplate\":\"https:\/\/pilfood.es\/es\/?s={search_term_string}\"},\"query-input\":{\"@type\":\"PropertyValueSpecification\",\"valueRequired\":true,\"valueName\":\"search_term_string\"}}],\"inLanguage\":\"es\"},{\"@type\":\"Organization\",\"@id\":\"https:\/\/pilfood.es\/es\/#organization\",\"name\":\"Pilfood\",\"url\":\"https:\/\/pilfood.es\/es\/\",\"logo\":{\"@type\":\"ImageObject\",\"inLanguage\":\"es\",\"@id\":\"https:\/\/pilfood.es\/es\/#\/schema\/logo\/image\/\",\"url\":\"https:\/\/pilfood.es\/app\/uploads\/2023\/03\/Pilfood.png\",\"contentUrl\":\"https:\/\/pilfood.es\/app\/uploads\/2023\/03\/Pilfood.png\",\"width\":164,\"height\":79,\"caption\":\"Pilfood\"},\"image\":{\"@id\":\"https:\/\/pilfood.es\/es\/#\/schema\/logo\/image\/\"}}]}<\/script>\n<!-- \/ Yoast SEO plugin. -->","yoast_head_json":{"title":"Pilfood - Pilfood","description":"Cuidado capilar prevenci\u00f3n y mantenimiento. Ca\u00edda ligera, moderada, intensa.","robots":{"index":"index","follow":"follow","max-snippet":"max-snippet:-1","max-image-preview":"max-image-preview:large","max-video-preview":"max-video-preview:-1"},"canonical":"https:\/\/pilfood.es\/es\/","og_locale":"es_ES","og_type":"article","og_title":"Pilfood - Pilfood","og_description":"Cuidado capilar prevenci\u00f3n y mantenimiento. Ca\u00edda ligera, moderada, intensa.","og_url":"https:\/\/pilfood.es\/es\/","og_site_name":"Pilfood","article_modified_time":"2025-05-06T06:04:50+00:00","og_image":[{"width":1024,"height":335,"url":"https:\/\/pilfood.es\/app\/uploads\/2023\/03\/productos-front.png","type":"image\/png"}],"twitter_card":"summary_large_image","twitter_misc":{"Tiempo de lectura":"1 minuto"},"schema":{"@context":"https:\/\/schema.org","@graph":[{"@type":"WebPage","@id":"https:\/\/pilfood.es\/es\/","url":"https:\/\/pilfood.es\/es\/","name":"Pilfood - Pilfood","isPartOf":{"@id":"https:\/\/pilfood.es\/es\/#website"},"primaryImageOfPage":{"@id":"https:\/\/pilfood.es\/es\/#primaryimage"},"image":{"@id":"https:\/\/pilfood.es\/es\/#primaryimage"},"thumbnailUrl":"https:\/\/pilfood.es\/app\/uploads\/2023\/03\/productos-front.png","datePublished":"2023-03-13T10:49:56+00:00","dateModified":"2025-05-06T06:04:50+00:00","description":"Cuidado capilar prevenci\u00f3n y mantenimiento. Ca\u00edda ligera, moderada, intensa.","breadcrumb":{"@id":"https:\/\/pilfood.es\/es\/#breadcrumb"},"inLanguage":"es","potentialAction":[{"@type":"ReadAction","target":["https:\/\/pilfood.es\/es\/"]}]},{"@type":"ImageObject","inLanguage":"es","@id":"https:\/\/pilfood.es\/es\/#primaryimage","url":"https:\/\/pilfood.es\/app\/uploads\/2023\/03\/productos-front.png","contentUrl":"https:\/\/pilfood.es\/app\/uploads\/2023\/03\/productos-front.png"},{"@type":"BreadcrumbList","@id":"https:\/\/pilfood.es\/es\/#breadcrumb","itemListElement":[{"@type":"ListItem","position":1,"name":"Home","item":"https:\/\/pilfood.es\/es\/"},{"@type":"ListItem","position":2,"name":"Pilfood"}]},{"@type":"WebSite","@id":"https:\/\/pilfood.es\/es\/#website","url":"https:\/\/pilfood.es\/es\/","name":"Pilfood","description":"","publisher":{"@id":"https:\/\/pilfood.es\/es\/#organization"},"potentialAction":[{"@type":"SearchAction","target":{"@type":"EntryPoint","urlTemplate":"https:\/\/pilfood.es\/es\/?s={search_term_string}"},"query-input":{"@type":"PropertyValueSpecification","valueRequired":true,"valueName":"search_term_string"}}],"inLanguage":"es"},{"@type":"Organization","@id":"https:\/\/pilfood.es\/es\/#organization","name":"Pilfood","url":"https:\/\/pilfood.es\/es\/","logo":{"@type":"ImageObject","inLanguage":"es","@id":"https:\/\/pilfood.es\/es\/#\/schema\/logo\/image\/","url":"https:\/\/pilfood.es\/app\/uploads\/2023\/03\/Pilfood.png","contentUrl":"https:\/\/pilfood.es\/app\/uploads\/2023\/03\/Pilfood.png","width":164,"height":79,"caption":"Pilfood"},"image":{"@id":"https:\/\/pilfood.es\/es\/#\/schema\/logo\/image\/"}}]}},"_links":{"self":[{"href":"https:\/\/pilfood.es\/es\/wp-json\/wp\/v2\/pages\/34","targetHints":{"allow":["GET"]}}],"collection":[{"href":"https:\/\/pilfood.es\/es\/wp-json\/wp\/v2\/pages"}],"about":[{"href":"https:\/\/pilfood.es\/es\/wp-json\/wp\/v2\/types\/page"}],"author":[{"embeddable":true,"href":"https:\/\/pilfood.es\/es\/wp-json\/wp\/v2\/users\/2"}],"replies":[{"embeddable":true,"href":"https:\/\/pilfood.es\/es\/wp-json\/wp\/v2\/comments?post=34"}],"version-history":[{"count":10,"href":"https:\/\/pilfood.es\/es\/wp-json\/wp\/v2\/pages\/34\/revisions"}],"predecessor-version":[{"id":299,"href":"https:\/\/pilfood.es\/es\/wp-json\/wp\/v2\/pages\/34\/revisions\/299"}],"wp:attachment":[{"href":"https:\/\/pilfood.es\/es\/wp-json\/wp\/v2\/media?parent=34"}],"wp:term":[{"taxonomy":"from-article-database","embeddable":true,"href":"https:\/\/pilfood.es\/es\/wp-json\/wp\/v2\/from-article-database?post=34"}],"curies":[{"name":"wp","href":"https:\/\/api.w.org\/{rel}","templated":true}]}}