{"id":101,"date":"2023-03-15T10:04:06","date_gmt":"2023-03-15T09:04:06","guid":{"rendered":"https:\/\/pilfood.es\/?post_type=product&#038;p=101"},"modified":"2025-05-06T08:04:40","modified_gmt":"2025-05-06T06:04:40","slug":"pilfood-complex-postpartum","status":"publish","type":"product","link":"https:\/\/pilfood.es\/es\/producto\/pilfood-complex-postpartum\/","title":{"rendered":"Pilfood\u00ae Complex Postpartum"},"content":{"rendered":"\n<div class=\"wp-block-karopharma-accordions is-style-secondary\"><div class=\"container\">\n<details class=\"wp-block-karopharma-accordion\"><summary><h2 class=\"accordion-title\">Dosis<\/h2><\/summary><div class=\"accordion-content\">\n<p>3 c\u00e1psulas al d\u00eda, con agua durante las principales comidas.<\/p>\n<\/div><\/details>\n<\/div><\/div>\n","protected":false},"excerpt":{"rendered":"<p>Un complemento alimenticio adecuado para el periodo de postparto<\/p>\n","protected":false},"featured_media":104,"comment_status":"closed","ping_status":"closed","template":"","meta":{"_acf_changed":false,"footnotes":""},"product_brand":[],"product_cat":[20],"product_tag":[],"class_list":{"0":"post-101","1":"product","2":"type-product","3":"status-publish","4":"has-post-thumbnail","6":"product_cat-periodos-de-la-mujer","8":"first","9":"instock","10":"shipping-taxable","11":"product-type-simple"},"acf":[],"yoast_head":"<!-- This site is optimized with the Yoast SEO plugin v26.6 - https:\/\/yoast.com\/wordpress\/plugins\/seo\/ -->\n<title>Pilfood\u00ae Complex Postpartum - Pilfood<\/title>\n<meta name=\"description\" content=\"Pilfood\u00ae Complex Postpartum C\u00e1psulas es un complemento alimenticio adecuado para el periodo de postparto en la mujer con m\u00faltiples beneficios gracias a su composici\u00f3n\" \/>\n<meta name=\"robots\" content=\"index, follow, max-snippet:-1, max-image-preview:large, max-video-preview:-1\" \/>\n<link rel=\"canonical\" href=\"https:\/\/pilfood.es\/es\/producto\/pilfood-complex-postpartum\/\" \/>\n<meta property=\"og:locale\" content=\"es_ES\" \/>\n<meta property=\"og:type\" content=\"article\" \/>\n<meta property=\"og:title\" content=\"Pilfood\u00ae Complex Postpartum - Pilfood\" \/>\n<meta property=\"og:description\" content=\"Pilfood\u00ae Complex Postpartum C\u00e1psulas es un complemento alimenticio adecuado para el periodo de postparto en la mujer con m\u00faltiples beneficios gracias a su composici\u00f3n\" \/>\n<meta property=\"og:url\" content=\"https:\/\/pilfood.es\/es\/producto\/pilfood-complex-postpartum\/\" \/>\n<meta property=\"og:site_name\" content=\"Pilfood\" \/>\n<meta property=\"article:modified_time\" content=\"2025-05-06T06:04:40+00:00\" \/>\n<meta property=\"og:image\" content=\"https:\/\/pilfood.es\/app\/uploads\/2023\/03\/Pilfood-Postpartum.png\" \/>\n\t<meta property=\"og:image:width\" content=\"800\" \/>\n\t<meta property=\"og:image:height\" content=\"800\" \/>\n\t<meta property=\"og:image:type\" content=\"image\/png\" \/>\n<meta name=\"twitter:card\" content=\"summary_large_image\" \/>\n<meta name=\"twitter:label1\" content=\"Tiempo de lectura\" \/>\n\t<meta name=\"twitter:data1\" content=\"1 minuto\" \/>\n<script type=\"application\/ld+json\" class=\"yoast-schema-graph\">{\"@context\":\"https:\/\/schema.org\",\"@graph\":[{\"@type\":\"WebPage\",\"@id\":\"https:\/\/pilfood.es\/es\/producto\/pilfood-complex-postpartum\/\",\"url\":\"https:\/\/pilfood.es\/es\/producto\/pilfood-complex-postpartum\/\",\"name\":\"Pilfood\u00ae Complex Postpartum - Pilfood\",\"isPartOf\":{\"@id\":\"https:\/\/pilfood.es\/es\/#website\"},\"primaryImageOfPage\":{\"@id\":\"https:\/\/pilfood.es\/es\/producto\/pilfood-complex-postpartum\/#primaryimage\"},\"image\":{\"@id\":\"https:\/\/pilfood.es\/es\/producto\/pilfood-complex-postpartum\/#primaryimage\"},\"thumbnailUrl\":\"https:\/\/pilfood.es\/app\/uploads\/2023\/03\/Pilfood-Postpartum.png\",\"datePublished\":\"2023-03-15T09:04:06+00:00\",\"dateModified\":\"2025-05-06T06:04:40+00:00\",\"description\":\"Pilfood\u00ae Complex Postpartum C\u00e1psulas es un complemento alimenticio adecuado para el periodo de postparto en la mujer con m\u00faltiples beneficios gracias a su composici\u00f3n\",\"breadcrumb\":{\"@id\":\"https:\/\/pilfood.es\/es\/producto\/pilfood-complex-postpartum\/#breadcrumb\"},\"inLanguage\":\"es\",\"potentialAction\":[{\"@type\":\"ReadAction\",\"target\":[\"https:\/\/pilfood.es\/es\/producto\/pilfood-complex-postpartum\/\"]}]},{\"@type\":\"ImageObject\",\"inLanguage\":\"es\",\"@id\":\"https:\/\/pilfood.es\/es\/producto\/pilfood-complex-postpartum\/#primaryimage\",\"url\":\"https:\/\/pilfood.es\/app\/uploads\/2023\/03\/Pilfood-Postpartum.png\",\"contentUrl\":\"https:\/\/pilfood.es\/app\/uploads\/2023\/03\/Pilfood-Postpartum.png\",\"width\":800,\"height\":800,\"caption\":\"Pilfood Postpartum\"},{\"@type\":\"BreadcrumbList\",\"@id\":\"https:\/\/pilfood.es\/es\/producto\/pilfood-complex-postpartum\/#breadcrumb\",\"itemListElement\":[{\"@type\":\"ListItem\",\"position\":1,\"name\":\"Home\",\"item\":\"https:\/\/pilfood.es\/es\/\"},{\"@type\":\"ListItem\",\"position\":2,\"name\":\"Productos\",\"item\":\"https:\/\/pilfood.es\/es\/productos\/\"},{\"@type\":\"ListItem\",\"position\":3,\"name\":\"Pilfood\u00ae Complex Postpartum\"}]},{\"@type\":\"WebSite\",\"@id\":\"https:\/\/pilfood.es\/es\/#website\",\"url\":\"https:\/\/pilfood.es\/es\/\",\"name\":\"Pilfood\",\"description\":\"\",\"publisher\":{\"@id\":\"https:\/\/pilfood.es\/es\/#organization\"},\"potentialAction\":[{\"@type\":\"SearchAction\",\"target\":{\"@type\":\"EntryPoint\",\"urlTemplate\":\"https:\/\/pilfood.es\/es\/?s={search_term_string}\"},\"query-input\":{\"@type\":\"PropertyValueSpecification\",\"valueRequired\":true,\"valueName\":\"search_term_string\"}}],\"inLanguage\":\"es\"},{\"@type\":\"Organization\",\"@id\":\"https:\/\/pilfood.es\/es\/#organization\",\"name\":\"Pilfood\",\"url\":\"https:\/\/pilfood.es\/es\/\",\"logo\":{\"@type\":\"ImageObject\",\"inLanguage\":\"es\",\"@id\":\"https:\/\/pilfood.es\/es\/#\/schema\/logo\/image\/\",\"url\":\"https:\/\/pilfood.es\/app\/uploads\/2023\/03\/Pilfood.png\",\"contentUrl\":\"https:\/\/pilfood.es\/app\/uploads\/2023\/03\/Pilfood.png\",\"width\":164,\"height\":79,\"caption\":\"Pilfood\"},\"image\":{\"@id\":\"https:\/\/pilfood.es\/es\/#\/schema\/logo\/image\/\"}}]}<\/script>\n<!-- \/ Yoast SEO plugin. -->","yoast_head_json":{"title":"Pilfood\u00ae Complex Postpartum - Pilfood","description":"Pilfood\u00ae Complex Postpartum C\u00e1psulas es un complemento alimenticio adecuado para el periodo de postparto en la mujer con m\u00faltiples beneficios gracias a su composici\u00f3n","robots":{"index":"index","follow":"follow","max-snippet":"max-snippet:-1","max-image-preview":"max-image-preview:large","max-video-preview":"max-video-preview:-1"},"canonical":"https:\/\/pilfood.es\/es\/producto\/pilfood-complex-postpartum\/","og_locale":"es_ES","og_type":"article","og_title":"Pilfood\u00ae Complex Postpartum - Pilfood","og_description":"Pilfood\u00ae Complex Postpartum C\u00e1psulas es un complemento alimenticio adecuado para el periodo de postparto en la mujer con m\u00faltiples beneficios gracias a su composici\u00f3n","og_url":"https:\/\/pilfood.es\/es\/producto\/pilfood-complex-postpartum\/","og_site_name":"Pilfood","article_modified_time":"2025-05-06T06:04:40+00:00","og_image":[{"width":800,"height":800,"url":"https:\/\/pilfood.es\/app\/uploads\/2023\/03\/Pilfood-Postpartum.png","type":"image\/png"}],"twitter_card":"summary_large_image","twitter_misc":{"Tiempo de lectura":"1 minuto"},"schema":{"@context":"https:\/\/schema.org","@graph":[{"@type":"WebPage","@id":"https:\/\/pilfood.es\/es\/producto\/pilfood-complex-postpartum\/","url":"https:\/\/pilfood.es\/es\/producto\/pilfood-complex-postpartum\/","name":"Pilfood\u00ae Complex Postpartum - Pilfood","isPartOf":{"@id":"https:\/\/pilfood.es\/es\/#website"},"primaryImageOfPage":{"@id":"https:\/\/pilfood.es\/es\/producto\/pilfood-complex-postpartum\/#primaryimage"},"image":{"@id":"https:\/\/pilfood.es\/es\/producto\/pilfood-complex-postpartum\/#primaryimage"},"thumbnailUrl":"https:\/\/pilfood.es\/app\/uploads\/2023\/03\/Pilfood-Postpartum.png","datePublished":"2023-03-15T09:04:06+00:00","dateModified":"2025-05-06T06:04:40+00:00","description":"Pilfood\u00ae Complex Postpartum C\u00e1psulas es un complemento alimenticio adecuado para el periodo de postparto en la mujer con m\u00faltiples beneficios gracias a su composici\u00f3n","breadcrumb":{"@id":"https:\/\/pilfood.es\/es\/producto\/pilfood-complex-postpartum\/#breadcrumb"},"inLanguage":"es","potentialAction":[{"@type":"ReadAction","target":["https:\/\/pilfood.es\/es\/producto\/pilfood-complex-postpartum\/"]}]},{"@type":"ImageObject","inLanguage":"es","@id":"https:\/\/pilfood.es\/es\/producto\/pilfood-complex-postpartum\/#primaryimage","url":"https:\/\/pilfood.es\/app\/uploads\/2023\/03\/Pilfood-Postpartum.png","contentUrl":"https:\/\/pilfood.es\/app\/uploads\/2023\/03\/Pilfood-Postpartum.png","width":800,"height":800,"caption":"Pilfood Postpartum"},{"@type":"BreadcrumbList","@id":"https:\/\/pilfood.es\/es\/producto\/pilfood-complex-postpartum\/#breadcrumb","itemListElement":[{"@type":"ListItem","position":1,"name":"Home","item":"https:\/\/pilfood.es\/es\/"},{"@type":"ListItem","position":2,"name":"Productos","item":"https:\/\/pilfood.es\/es\/productos\/"},{"@type":"ListItem","position":3,"name":"Pilfood\u00ae Complex Postpartum"}]},{"@type":"WebSite","@id":"https:\/\/pilfood.es\/es\/#website","url":"https:\/\/pilfood.es\/es\/","name":"Pilfood","description":"","publisher":{"@id":"https:\/\/pilfood.es\/es\/#organization"},"potentialAction":[{"@type":"SearchAction","target":{"@type":"EntryPoint","urlTemplate":"https:\/\/pilfood.es\/es\/?s={search_term_string}"},"query-input":{"@type":"PropertyValueSpecification","valueRequired":true,"valueName":"search_term_string"}}],"inLanguage":"es"},{"@type":"Organization","@id":"https:\/\/pilfood.es\/es\/#organization","name":"Pilfood","url":"https:\/\/pilfood.es\/es\/","logo":{"@type":"ImageObject","inLanguage":"es","@id":"https:\/\/pilfood.es\/es\/#\/schema\/logo\/image\/","url":"https:\/\/pilfood.es\/app\/uploads\/2023\/03\/Pilfood.png","contentUrl":"https:\/\/pilfood.es\/app\/uploads\/2023\/03\/Pilfood.png","width":164,"height":79,"caption":"Pilfood"},"image":{"@id":"https:\/\/pilfood.es\/es\/#\/schema\/logo\/image\/"}}]}},"_links":{"self":[{"href":"https:\/\/pilfood.es\/es\/wp-json\/wp\/v2\/product\/101","targetHints":{"allow":["GET"]}}],"collection":[{"href":"https:\/\/pilfood.es\/es\/wp-json\/wp\/v2\/product"}],"about":[{"href":"https:\/\/pilfood.es\/es\/wp-json\/wp\/v2\/types\/product"}],"replies":[{"embeddable":true,"href":"https:\/\/pilfood.es\/es\/wp-json\/wp\/v2\/comments?post=101"}],"version-history":[{"count":5,"href":"https:\/\/pilfood.es\/es\/wp-json\/wp\/v2\/product\/101\/revisions"}],"predecessor-version":[{"id":108,"href":"https:\/\/pilfood.es\/es\/wp-json\/wp\/v2\/product\/101\/revisions\/108"}],"wp:featuredmedia":[{"embeddable":true,"href":"https:\/\/pilfood.es\/es\/wp-json\/wp\/v2\/media\/104"}],"wp:attachment":[{"href":"https:\/\/pilfood.es\/es\/wp-json\/wp\/v2\/media?parent=101"}],"wp:term":[{"taxonomy":"product_brand","embeddable":true,"href":"https:\/\/pilfood.es\/es\/wp-json\/wp\/v2\/product_brand?post=101"},{"taxonomy":"product_cat","embeddable":true,"href":"https:\/\/pilfood.es\/es\/wp-json\/wp\/v2\/product_cat?post=101"},{"taxonomy":"product_tag","embeddable":true,"href":"https:\/\/pilfood.es\/es\/wp-json\/wp\/v2\/product_tag?post=101"}],"curies":[{"name":"wp","href":"https:\/\/api.w.org\/{rel}","templated":true}]}}